{"id":167,"date":"2021-11-24T09:44:25","date_gmt":"2021-11-24T08:44:25","guid":{"rendered":"https:\/\/lngv.anthestest.it\/privacy-policy\/"},"modified":"2024-02-16T11:26:19","modified_gmt":"2024-02-16T10:26:19","slug":"privacy-policy","status":"publish","type":"page","link":"https:\/\/longevitaegroup.com\/fr\/privacy-policy\/","title":{"rendered":"Privacy policy"},"content":{"rendered":"\n<p><strong>D\u00e9claration de politique de confidentialit\u00e9<\/strong><\/p>\n\n\n\n<p>Le pr\u00e9sent avis est fourni conform\u00e9ment \u00e0 l&rsquo;article 13 du r\u00e8glement (UE) 2016\/679 relatif \u00e0 la protection des donn\u00e9es \u00e0 caract\u00e8re personnel.<\/p>\n\n\n\n<p>Le contr\u00f4leur des donn\u00e9es est :<br>Longevitae Group Sarl<br>Luxembourg<br>Num\u00e9ro d&rsquo;immatriculation: B276502<\/p>\n\n\n\n<p><strong>Nature de la fourniture de donn\u00e9es<\/strong><\/p>\n\n\n\n<p>La fourniture des donn\u00e9es est facultative. Le refus de fournir les donn\u00e9es entra\u00eenera l&rsquo;impossibilit\u00e9 d&rsquo;\u00eatre contact\u00e9 aux fins indiqu\u00e9es ci-dessous. La fourniture de donn\u00e9es \u00e0 des fins de marketing est facultative et n&#8217;emp\u00eachera pas d&rsquo;\u00eatre contact\u00e9 \u00e0 d&rsquo;autres fins.<br>La communication de vos donn\u00e9es personnelles est facultative, mais si vous ne nous communiquez pas vos coordonn\u00e9es et votre consentement \u00e0 leur utilisation, nous ne pourrons pas vous contacter ni vous envoyer d&rsquo;offres promotionnelles.<\/p>\n\n\n\n<p><strong>Finalit\u00e9 du traitement et base juridique<\/strong><\/p>\n\n\n\n<p>Les donn\u00e9es personnelles sont trait\u00e9es aux fins suivantes :<\/p>\n\n\n\n<p>A) Les donn\u00e9es personnelles fournies par les utilisateurs peuvent \u00eatre utilis\u00e9es pour nous permettre de vous contacter suite \u00e0 une demande faite dans le formulaire de contact ;<\/p>\n\n\n\n<p>B) Le respect des obligations pr\u00e9vues par la loi, les r\u00e8glements ou la l\u00e9gislation de l&rsquo;UE.<\/p>\n\n\n\n<p>En ce qui concerne les finalit\u00e9s a) et b), veuillez noter que le traitement et la communication de vos donn\u00e9es personnelles par le responsable du traitement ne requi\u00e8rent pas votre consentement car ils sont n\u00e9cessaires \u00e0 l&rsquo;ex\u00e9cution des obligations d\u00e9coulant du contrat lui-m\u00eame et\/ou \u00e0 l&rsquo;ex\u00e9cution des services que vous avez demand\u00e9s avant la conclusion du contrat, ainsi qu&rsquo;au respect des obligations l\u00e9gales.<\/p>\n\n\n\n<p><strong>M\u00e9thodes de traitement des donn\u00e9es<\/strong><\/p>\n\n\n\n<p>Les donn\u00e9es collect\u00e9es sont trait\u00e9es \u00e0 l&rsquo;aide d&rsquo;outils informatiques.<br>Des mesures de s\u00e9curit\u00e9 appropri\u00e9es sont observ\u00e9es pour \u00e9viter la perte de donn\u00e9es, l&rsquo;utilisation illicite ou inappropri\u00e9e et l&rsquo;acc\u00e8s non autoris\u00e9.<\/p>\n\n\n\n<p><strong>Qui traite vos donn\u00e9es<\/strong><\/p>\n\n\n\n<p>Le traitement des donn\u00e9es personnelles a lieu sur le site et est effectu\u00e9 par le personnel autoris\u00e9.<\/p>\n\n\n\n<p><strong>Transfert de donn\u00e9es<\/strong><\/p>\n\n\n\n<p>Les donn\u00e9es ne sont transf\u00e9r\u00e9es qu&rsquo;au sein de l&rsquo;UE.<br>Certaines applications comme Google Analytics et reCaptcha peuvent faire l&rsquo;objet de transferts extracommunautaires.<\/p>\n\n\n\n<p><strong>Dur\u00e9e de conservation des donn\u00e9es<\/strong><\/p>\n\n\n\n<p>La dur\u00e9e de conservation des choix de l&rsquo;utilisateur en mati\u00e8re de cookies est de six mois, comme l&rsquo;exigent les mesures.<br>La dur\u00e9e de conservation des cookies varie en fonction du type d&rsquo;appartenance. Pour les cookies de profilage de tiers, les sp\u00e9cificit\u00e9s peuvent \u00eatre consult\u00e9es directement sur leurs sites respectifs.<br>Les donn\u00e9es personnelles trait\u00e9es \u00e0 des fins de contact ou \u00e0 des fins \u00e9conomiques seront trait\u00e9es pendant les p\u00e9riodes obligatoires en vertu des lois de comp\u00e9tence.<\/p>\n\n\n\n<p><strong>Droits de la personne concern\u00e9e conform\u00e9ment \u00e0 l&rsquo;art. <\/strong><strong>15 eu 2016\/679<\/strong><\/p>\n\n\n\n<p>Les personnes concern\u00e9es ont le droit, dans les cas pr\u00e9vus, d&rsquo;obtenir du responsable du traitement l&rsquo;acc\u00e8s \u00e0 leurs donn\u00e9es personnelles et la rectification ou l&rsquo;effacement de ces donn\u00e9es ou la limitation du traitement les concernant ou de s&rsquo;opposer au traitement (art. 15 et suivants du r\u00e8glement). Les demandes doivent \u00eatre adress\u00e9es au responsable du traitement aux coordonn\u00e9es indiqu\u00e9es au d\u00e9but de la pr\u00e9sente information.<\/p>\n\n\n\n<p><strong>Droit d&rsquo;introduire une r\u00e9clamation<\/strong><\/p>\n\n\n\n<p>Les personnes concern\u00e9es qui estiment que le traitement des donn\u00e9es personnelles les concernant effectu\u00e9 par le biais de ce site se fait en violation des dispositions du r\u00e8glement ont le droit d&rsquo;introduire une r\u00e9clamation aupr\u00e8s du garant, comme le pr\u00e9voit l&rsquo;article 77 du m\u00eame r\u00e8glement, ou d&rsquo;agir devant les instances judiciaires appropri\u00e9es (article 79 du r\u00e8glement).<\/p>\n\n\n\n<hr>\n\n\n\n<h1 class=\"title-m wp-block-heading\">Cookie<\/h1>\n\n\n\n<p><strong>Politique de confidentialit\u00e9 et loi sur les cookies pour les utilisateurs visitant ce site web conform\u00e9ment \u00e0 l&rsquo;article 13 du r\u00e8glement (UE) 2016\/679.<\/strong><\/p>\n\n\n\n<p>POURQUOI CES INFORMATIONS<\/p>\n\n\n\n<p>Les informations suivantes concernent l&rsquo;utilisation des donn\u00e9es \u00e0 caract\u00e8re personnel et des cookies sur ce site web.<\/p>\n\n\n\n<p>En ce qui concerne les cookies, le pr\u00e9sent avis est fourni \u00e0 l&rsquo;utilisateur\/navigateur conform\u00e9ment \u00e0 l&rsquo;article 13 du r\u00e8glement (UE) 2016\/679 pour la protection des donn\u00e9es \u00e0 caract\u00e8re personnel.<\/p>\n\n\n\n<p>Conform\u00e9ment au R\u00e8glement (UE) 2016\/679 (ci-apr\u00e8s \u00a0\u00bb R\u00e8glement \u00ab\u00a0), cette page d\u00e9crit le traitement des donn\u00e9es personnelles de l&rsquo;utilisateur\/navigateur lors de l&rsquo;utilisation des services du site, ainsi que les options de contact et d&rsquo;acquisition des donn\u00e9es personnelles de l&rsquo;utilisateur, en pleine conformit\u00e9 avec l&rsquo;article 13 du R\u00e8glement UE 2016\/679 pour la protection des donn\u00e9es personnelles, en ce qui concerne les utilisateurs qui acc\u00e8dent aux sites Web suivants par voie \u00e9lectronique :<\/p>\n\n\n\n<p>www.longevitaegroup.com<\/p>\n\n\n\n<p>Ces informations ne concernent pas d&rsquo;autres sites, pages ou services en ligne accessibles par des liens hypertextes qui peuvent \u00eatre publi\u00e9s sur les sites mais qui renvoient \u00e0 des ressources externes aux domaines.<\/p>\n\n\n\n<p><strong>RESPONSABLE DU TRAITEMENT<\/strong><\/p>\n\n\n\n<p>Suite \u00e0 la consultation des sites, des donn\u00e9es relatives \u00e0 des personnes identifi\u00e9es ou identifiables peuvent \u00eatre trait\u00e9es.<\/p>\n\n\n\n<p>Le responsable du traitement est:<br>Longevitae Group Sarl<br>Luxembourg<br>Num\u00e9ro d&rsquo;immatriculation: B276502<\/p>\n\n\n\n<p><strong>CATEGORIES DE DONNEES A CARACTERE PERSONNEL ET FINALITES DU TRAITEMENT<\/strong><\/p>\n\n\n\n<p><em>Donn\u00e9es de navigation<\/em><\/p>\n\n\n\n<p>Les syst\u00e8mes informatiques et les proc\u00e9dures logicielles utilis\u00e9s pour faire fonctionner ce site Web acqui\u00e8rent, au cours de leur fonctionnement normal, certaines donn\u00e9es personnelles dont la transmission est inh\u00e9rente \u00e0 l&rsquo;utilisation des protocoles de communication Internet.<br>Cette cat\u00e9gorie de donn\u00e9es comprend, \u00e0 titre d&rsquo;exemple non exhaustif, les adresses IP ou les noms de domaine des ordinateurs et des terminaux utilis\u00e9s par les utilisateurs, les adresses URI\/URL (Uniform Resource Identifier\/Locator) des ressources demand\u00e9es, l&rsquo;heure de la demande, la m\u00e9thode utilis\u00e9e pour soumettre la demande au serveur, la taille du fichier obtenu en r\u00e9ponse, le code num\u00e9rique indiquant l&rsquo;\u00e9tat de la r\u00e9ponse donn\u00e9e par le serveur (succ\u00e8s, erreur, etc.), ainsi que d&rsquo;autres param\u00e8tres relatifs au syst\u00e8me d&rsquo;exploitation et \u00e0 l&rsquo;environnement informatique de l&rsquo;utilisateur.<\/p>\n\n\n\n<p>Ces donn\u00e9es, n\u00e9cessaires \u00e0 l&rsquo;utilisation des services web, sont \u00e9galement trait\u00e9es dans le but de :<\/p>\n\n\n\n<p>&#8211; obtenir des informations statistiques sur l&rsquo;utilisation des services (pages les plus visit\u00e9es, nombre de visiteurs par heure ou par jour, zones g\u00e9ographiques d&rsquo;origine, etc \ud83d\ude09<\/p>\n\n\n\n<p>&#8211; v\u00e9rifier le bon fonctionnement des services offerts.<\/p>\n\n\n\n<p>Les donn\u00e9es de navigation ne persistent pas plus longtemps que le temps strictement n\u00e9cessaire et sont supprim\u00e9es imm\u00e9diatement apr\u00e8s leur agr\u00e9gation (sauf si elles sont n\u00e9cessaires \u00e0 la d\u00e9tection de d\u00e9lits par les autorit\u00e9s judiciaires).<\/p>\n\n\n\n<p><em>Donn\u00e9es fournies par l&rsquo;utilisateur<\/em><\/p>\n\n\n\n<p>L&rsquo;envoi facultatif, explicite et volontaire de messages aux adresses de contact du Titulaire du traitement, ainsi que le remplissage et la soumission de formulaires sur le site web, impliquent l&rsquo;acquisition des donn\u00e9es de contact de l&rsquo;exp\u00e9diteur, n\u00e9cessaires pour r\u00e9pondre, ainsi que de toutes les donn\u00e9es personnelles incluses dans les communications.<br>Des notes d&rsquo;information sp\u00e9cifiques seront publi\u00e9es sur les pages du site du responsable du traitement consacr\u00e9es \u00e0 la fourniture de services sp\u00e9cifiques.<\/p>\n\n\n\n<p><em>Cookies et autres dispositifs de suivi<\/em><\/p>\n\n\n\n<p>Ce site web utilise des cookies pour garantir l&rsquo;utilisation correcte des contenus du site.<br>Le site utilise des cookies techniques et de session (non persistants) strictement limit\u00e9s \u00e0 ce qui est n\u00e9cessaire pour une navigation s\u00fbre et efficace du site. Le stockage des cookies de session sur les terminaux ou les navigateurs est sous le contr\u00f4le de l&rsquo;utilisateur. Sur les serveurs, \u00e0 la fin des sessions HTTP, les informations relatives aux cookies restent enregistr\u00e9es dans les journaux de service, avec des dur\u00e9es de conservation strictement n\u00e9cessaires au bon fonctionnement.<\/p>\n\n\n\n<p><em>Fonctionnement de la banni\u00e8re<\/em><\/p>\n\n\n\n<p>La banni\u00e8re de gestion de la vie priv\u00e9e activ\u00e9e sur ce site ne permet pas d&rsquo;activer des cookies de profilage tant que l&rsquo;utilisateur n&rsquo;a pas donn\u00e9 son consentement. Si l&rsquo;utilisateur clique sur le bouton \u00ab\u00a0J&rsquo;accepte\u00a0\u00bb, tous les cookies de profilage seront activ\u00e9s. Si l&rsquo;utilisateur d\u00e9cide de cliquer sur le bouton \u00ab\u00a0Personnaliser\u00a0\u00bb, il peut personnaliser ses choix et d\u00e9cider quels cookies de profilage activer. Si l&rsquo;utilisateur clique sur le bouton \u00ab\u00a0Refuser\u00a0\u00bb ou sur le \u00ab\u00a0X\u00a0\u00bb en haut \u00e0 droite de la banni\u00e8re, aucun cookie de profilage ne sera activ\u00e9.<br>Les choix de l&rsquo;utilisateur seront stock\u00e9s pendant six mois par le biais d&rsquo;un cookie technique qui sera install\u00e9 sur le dispositif utilis\u00e9 par l&rsquo;utilisateur pour acc\u00e9der au site. Il est essentiel d&rsquo;expliquer que si l&rsquo;utilisateur change d&rsquo;appareil, par exemple d&rsquo;un ordinateur \u00e0 un t\u00e9l\u00e9phone portable, les choix ne peuvent pas \u00eatre transf\u00e9r\u00e9s sur le nouvel appareil pour des raisons techniques, et ils devront \u00eatre s\u00e9lectionn\u00e9s \u00e0 nouveau sur le nouvel appareil.<br>Les choix de l&rsquo;utilisateur peuvent \u00eatre modifi\u00e9s \u00e0 tout moment en acc\u00e9dant au panneau de contr\u00f4le \u00e0 partir de l&rsquo;ic\u00f4ne de contr\u00f4le de la vie priv\u00e9e. La nouvelle configuration aura une dur\u00e9e de six mois.<br>Le site utilise des cookies pour le profilage de tiers, comme indiqu\u00e9 ci-dessous.<\/p>\n\n\n\n<p><\/p>\n\n\n\n<p><strong>BASE JURIDIQUE DU TRAITEMENT<\/strong><\/p>\n\n\n\n<p>Les donn\u00e9es personnelles indiqu\u00e9es sur cette page sont trait\u00e9es par le contr\u00f4leur des donn\u00e9es dans le cadre de l&rsquo;ex\u00e9cution des services fournis par le site Web et, par la suite, si elles sont fournies par le site Web lui-m\u00eame, dans le respect des obligations contractuelles ou l\u00e9gales.<br>S&rsquo;il existe des sections sp\u00e9cifiques pour l&rsquo;abonnement \u00e0 la lettre d&rsquo;information ou aux services de marketing, elles seront g\u00e9r\u00e9es par le biais de notes d&rsquo;information sp\u00e9cifiques.<\/p>\n\n\n\n<p><strong>OPTIONALIT\u00c9 DE LA FOURNITURE DE DONN\u00c9ES<\/strong><\/p>\n\n\n\n<p>Comme le pr\u00e9voit la r\u00e9solution du 10 juin 2021 \u00ab\u00a0Lignes directrices relatives aux cookies et autres outils de suivi\u00a0\u00bb, l&rsquo;utilisateur du site est libre d&rsquo;autoriser ou non les cookies de profilage selon son libre choix et sa volont\u00e9. Dans certains cas, comme celui du cookie Google reCaptcha, le blocage de ce cookie de profilage emp\u00eache de pouvoir envoyer la demande via les formulaires d&rsquo;acquisition de donn\u00e9es. Le cas \u00e9ch\u00e9ant, il sera possible de r\u00e9activer le cookie \u00e0 partir des pr\u00e9f\u00e9rences de confidentialit\u00e9, ou \u00e9ventuellement, si vous d\u00e9cidez de maintenir le blocage du cookie, d&rsquo;envoyer une telle demande par courrier \u00e9lectronique.<br>En dehors de ce qui est sp\u00e9cifi\u00e9 pour les donn\u00e9es de navigation, l&rsquo;utilisateur est libre de fournir des donn\u00e9es personnelles report\u00e9es dans les formulaires de demande pr\u00e9sents sur les sites ou autrement indiqu\u00e9es dans les contacts avec les structures pour demander l&rsquo;envoi de la newsletter, de mat\u00e9riel informatif ou d&rsquo;autres communications.<br>L&rsquo;absence de donn\u00e9es peut entra\u00eener l&rsquo;impossibilit\u00e9 d&rsquo;obtenir ce qui est demand\u00e9.<\/p>\n\n\n\n<p><strong>INT\u00c9R\u00caT L\u00c9GITIME<\/strong><\/p>\n\n\n\n<p>Le responsable du traitement ne se fonde pas sur l&rsquo;int\u00e9r\u00eat l\u00e9gitime pour traiter les donn\u00e9es \u00e0 caract\u00e8re personnel, sauf pour la protection de ses propres droits.<\/p>\n\n\n\n<p><strong>M\u00c9THODES DE TRAITEMENT<\/strong><\/p>\n\n\n\n<p>Les donn\u00e9es \u00e0 caract\u00e8re personnel sont trait\u00e9es \u00e0 l&rsquo;aide d&rsquo;outils automatis\u00e9s pendant le temps strictement n\u00e9cessaire pour atteindre les objectifs pour lesquels elles ont \u00e9t\u00e9 collect\u00e9es.<\/p>\n\n\n\n<p>Des mesures de s\u00e9curit\u00e9 sp\u00e9cifiques sont observ\u00e9es pour \u00e9viter la perte de donn\u00e9es, l&rsquo;utilisation illicite ou incorrecte et l&rsquo;acc\u00e8s non autoris\u00e9.<\/p>\n\n\n\n<p><strong>DESTINATAIRES DES DONN\u00c9ES<\/strong><\/p>\n\n\n\n<p>Les destinataires des donn\u00e9es collect\u00e9es \u00e0 la suite de la consultation des sites \u00e9num\u00e9r\u00e9s ci-dessus sont les personnes d\u00e9sign\u00e9es par le responsable du traitement, conform\u00e9ment \u00e0 l&rsquo;article 28 du r\u00e8glement, en tant que sous-traitants. La liste compl\u00e8te des responsables du traitement est disponible au bureau du responsable du traitement et peut \u00eatre demand\u00e9e par courrier \u00e9lectronique.<br>Les donn\u00e9es personnelles collect\u00e9es sont \u00e9galement trait\u00e9es par le personnel autoris\u00e9 \u00e0 les traiter, qui agit sur la base d&rsquo;instructions sp\u00e9cifiques fournies concernant les finalit\u00e9s et les m\u00e9thodes du m\u00eame traitement.<\/p>\n\n\n\n<p><strong>TRANSFERT DE DONN\u00c9ES<\/strong><\/p>\n\n\n\n<p>Les donn\u00e9es ne seront transf\u00e9r\u00e9es qu&rsquo;au sein de l&rsquo;UE.<br>Certaines applications comme Google Analytics et reCaptcha peuvent faire l&rsquo;objet de transferts extracommunautaires.<\/p>\n\n\n\n<p><strong>P\u00c9RIODE DE CONSERVATION DES DONN\u00c9ES<\/strong><\/p>\n\n\n\n<p>La dur\u00e9e de conservation des choix de l&rsquo;utilisateur en mati\u00e8re de cookies est de six mois, comme l&rsquo;exigent les mesures.<br>La dur\u00e9e de conservation des cookies varie en fonction du type d&rsquo;appartenance. Pour les cookies de profilage de tiers, les sp\u00e9cificit\u00e9s peuvent \u00eatre consult\u00e9es directement sur leurs sites respectifs.<br>Les donn\u00e9es personnelles trait\u00e9es \u00e0 des fins de contact ou \u00e0 des fins \u00e9conomiques seront trait\u00e9es pendant les p\u00e9riodes obligatoires en vertu des lois de comp\u00e9tence.<\/p>\n\n\n\n<p><strong>DROITS DE LA PERSONNE CONCERN\u00c9E CONFORM\u00c9MENT \u00c0 L&rsquo;ART. <\/strong><strong>15 UE 2016\/679<\/strong><\/p>\n\n\n\n<p>Les personnes concern\u00e9es ont le droit, dans les cas pr\u00e9vus, d&rsquo;obtenir du Responsable du traitement l&rsquo;acc\u00e8s \u00e0 leurs donn\u00e9es personnelles et la rectification ou l&rsquo;effacement de ces donn\u00e9es ou la limitation du traitement les concernant ou de s&rsquo;opposer au traitement (art. 15 et suivants du R\u00e8glement). Les demandes doivent \u00eatre adress\u00e9es au responsable du traitement aux coordonn\u00e9es indiqu\u00e9es au d\u00e9but de la pr\u00e9sente information.<\/p>\n\n\n\n<p><strong>DROIT DE R\u00c9CLAMATION<\/strong><\/p>\n\n\n\n<p>Les personnes concern\u00e9es qui estiment que le traitement des donn\u00e9es personnelles les concernant effectu\u00e9 par le biais de ce site se fait en violation des dispositions du r\u00e8glement ont le droit d&rsquo;introduire une r\u00e9clamation aupr\u00e8s du garant, comme le pr\u00e9voit l&rsquo;article 77 du m\u00eame r\u00e8glement, ou de saisir les instances judiciaires appropri\u00e9es (article 79 du r\u00e8glement).<\/p>\n","protected":false},"excerpt":{"rendered":"<p>D\u00e9claration de politique de confidentialit\u00e9 Le pr\u00e9sent avis est fourni conform\u00e9ment \u00e0 l&rsquo;article 13 du r\u00e8glement (UE) 2016\/679 relatif \u00e0 la protection des donn\u00e9es \u00e0 caract\u00e8re personnel. Le contr\u00f4leur des donn\u00e9es est :Longevitae Group SarlLuxembourgNum\u00e9ro d&rsquo;immatriculation: B276502 Nature de la fourniture de donn\u00e9es La fourniture des donn\u00e9es est facultative. Le refus de fournir les donn\u00e9es [&hellip;]<\/p>\n","protected":false},"author":1,"featured_media":0,"parent":0,"menu_order":0,"comment_status":"closed","ping_status":"open","template":"","meta":{"footnotes":""},"class_list":["post-167","page","type-page","status-publish","hentry"],"acf":[],"_links":{"self":[{"href":"https:\/\/longevitaegroup.com\/fr\/wp-json\/wp\/v2\/pages\/167","targetHints":{"allow":["GET"]}}],"collection":[{"href":"https:\/\/longevitaegroup.com\/fr\/wp-json\/wp\/v2\/pages"}],"about":[{"href":"https:\/\/longevitaegroup.com\/fr\/wp-json\/wp\/v2\/types\/page"}],"author":[{"embeddable":true,"href":"https:\/\/longevitaegroup.com\/fr\/wp-json\/wp\/v2\/users\/1"}],"replies":[{"embeddable":true,"href":"https:\/\/longevitaegroup.com\/fr\/wp-json\/wp\/v2\/comments?post=167"}],"version-history":[{"count":3,"href":"https:\/\/longevitaegroup.com\/fr\/wp-json\/wp\/v2\/pages\/167\/revisions"}],"predecessor-version":[{"id":619,"href":"https:\/\/longevitaegroup.com\/fr\/wp-json\/wp\/v2\/pages\/167\/revisions\/619"}],"wp:attachment":[{"href":"https:\/\/longevitaegroup.com\/fr\/wp-json\/wp\/v2\/media?parent=167"}],"curies":[{"name":"wp","href":"https:\/\/api.w.org\/{rel}","templated":true}]}}